{"id":1448,"date":"2025-08-15T09:29:38","date_gmt":"2025-08-15T13:29:38","guid":{"rendered":"https:\/\/newmoon.site\/home\/"},"modified":"2025-08-24T18:11:48","modified_gmt":"2025-08-24T22:11:48","slug":"home","status":"publish","type":"page","link":"https:\/\/newmoon.site\/fr\/","title":{"rendered":"Accueil"},"content":{"rendered":"<div data-elementor-type=\"wp-page\" data-elementor-id=\"1448\" class=\"elementor elementor-1448\">\n\t\t\t\t<div class=\"elementor-element elementor-element-9783628 e-flex e-con-boxed e-con e-parent\" data-id=\"9783628\" data-element_type=\"container\" data-settings=\"{&quot;background_background&quot;:&quot;classic&quot;}\">\n\t\t\t\t\t<div class=\"e-con-inner\">\n\t\t<div class=\"elementor-element elementor-element-05ba369 e-con-full e-flex e-con e-child\" data-id=\"05ba369\" data-element_type=\"container\">\n\t\t\t\t<div class=\"elementor-element elementor-element-5117318 elementor-widget elementor-widget-spacer\" data-id=\"5117318\" data-element_type=\"widget\" data-widget_type=\"spacer.default\">\n\t\t\t\t<div class=\"elementor-widget-container\">\n\t\t\t\t\t\t\t<div class=\"elementor-spacer\">\n\t\t\t<div class=\"elementor-spacer-inner\"><\/div>\n\t\t<\/div>\n\t\t\t\t\t\t<\/div>\n\t\t\t\t<\/div>\n\t\t\t\t<div class=\"elementor-element elementor-element-936a3d8 elementor-widget elementor-widget-heading\" data-id=\"936a3d8\" data-element_type=\"widget\" data-widget_type=\"heading.default\">\n\t\t\t\t<div class=\"elementor-widget-container\">\n\t\t\t\t\t<h1 class=\"elementor-heading-title elementor-size-default\">New Moon<\/h1>\t\t\t\t<\/div>\n\t\t\t\t<\/div>\n\t\t\t\t<div class=\"elementor-element elementor-element-c861921 elementor-widget elementor-widget-heading\" data-id=\"c861921\" data-element_type=\"widget\" data-widget_type=\"heading.default\">\n\t\t\t\t<div class=\"elementor-widget-container\">\n\t\t\t\t\t<h2 class=\"elementor-heading-title elementor-size-default\">Nous donnons vie \u00e0 vos id\u00e9es<\/h2>\t\t\t\t<\/div>\n\t\t\t\t<\/div>\n\t\t\t\t<div class=\"elementor-element elementor-element-0e8694a elementor-align-center e-transform elementor-widget elementor-widget-button\" data-id=\"0e8694a\" data-element_type=\"widget\" data-settings=\"{&quot;_transform_scale_effect_hover&quot;:{&quot;unit&quot;:&quot;px&quot;,&quot;size&quot;:1.02,&quot;sizes&quot;:[]},&quot;_transform_scale_effect_hover_tablet&quot;:{&quot;unit&quot;:&quot;px&quot;,&quot;size&quot;:&quot;&quot;,&quot;sizes&quot;:[]},&quot;_transform_scale_effect_hover_mobile&quot;:{&quot;unit&quot;:&quot;px&quot;,&quot;size&quot;:&quot;&quot;,&quot;sizes&quot;:[]}}\" data-widget_type=\"button.default\">\n\t\t\t\t<div class=\"elementor-widget-container\">\n\t\t\t\t\t\t\t\t\t<div class=\"elementor-button-wrapper\">\n\t\t\t\t\t<a class=\"elementor-button elementor-button-link elementor-size-sm\" href=\"#\">\n\t\t\t\t\t\t<span class=\"elementor-button-content-wrapper\">\n\t\t\t\t\t\t<span class=\"elementor-button-icon\">\n\t\t\t\t<i aria-hidden=\"true\" class=\"icon icon-right-arrow1\"><\/i>\t\t\t<\/span>\n\t\t\t\t\t\t\t\t\t<span class=\"elementor-button-text\">Personaliser<\/span>\n\t\t\t\t\t<\/span>\n\t\t\t\t\t<\/a>\n\t\t\t\t<\/div>\n\t\t\t\t\t\t\t\t<\/div>\n\t\t\t\t<\/div>\n\t\t\t\t<\/div>\n\t\t\t\t\t<\/div>\n\t\t\t\t<\/div>\n\t\t<div class=\"elementor-element elementor-element-dc4d543 e-flex e-con-boxed e-con e-parent\" data-id=\"dc4d543\" data-element_type=\"container\">\n\t\t\t\t\t<div class=\"e-con-inner\">\n\t\t<div class=\"elementor-element elementor-element-37f0b92 e-con-full e-flex e-con e-child\" data-id=\"37f0b92\" data-element_type=\"container\">\n\t\t\t\t<div class=\"elementor-element elementor-element-b82a2ca elementor-widget elementor-widget-image\" data-id=\"b82a2ca\" data-element_type=\"widget\" data-widget_type=\"image.default\">\n\t\t\t\t<div class=\"elementor-widget-container\">\n\t\t\t\t\t\t\t\t\t\t\t\t\t\t\t<img fetchpriority=\"high\" decoding=\"async\" width=\"734\" height=\"898\" src=\"https:\/\/newmoon.site\/wp-content\/uploads\/2022\/10\/Service-1-min.jpg\" class=\"attachment-full size-full wp-image-1690\" alt=\"service 1 min\" srcset=\"https:\/\/newmoon.site\/wp-content\/uploads\/2022\/10\/Service-1-min.jpg 734w, https:\/\/newmoon.site\/wp-content\/uploads\/2022\/10\/Service-1-min-600x734.jpg 600w\" sizes=\"(max-width: 734px) 100vw, 734px\" \/>\t\t\t\t\t\t\t\t\t\t\t\t\t\t\t<\/div>\n\t\t\t\t<\/div>\n\t\t\t\t<div class=\"elementor-element elementor-element-7d03874 elementor-widget elementor-widget-hfe-infocard\" data-id=\"7d03874\" data-element_type=\"widget\" data-widget_type=\"hfe-infocard.default\">\n\t\t\t\t<div class=\"elementor-widget-container\">\n\t\t\t\t\t\n\t\t<div class=\"hfe-infocard\">\n\t\t\t\t\t\t\t\t\t<div class=\"hfe-infocard-title-wrap\">\n\t\t\t\t<h4 class=\"hfe-infocard-title elementor-inline-editing\" data-elementor-setting-key=\"infocard_title\" data-elementor-inline-editing-toolbar=\"basic\" >Produit pour l'entreprise<\/h4>\t\t\t<\/div>\n\t\t\t\t\t\t<div class=\"hfe-infocard-text-wrap\">\n\t\t\t\t<div class=\"hfe-infocard-text elementor-inline-editing\" data-elementor-setting-key=\"infocard_description\" data-elementor-inline-editing-toolbar=\"advanced\">\n\t\t\t\t\t<p>Nous pouvons vous aider \u00e0 promouvoir votre entreprise en int\u00e9grant votre marque sur des v\u00eatements, des v\u00e9hicules et des objets du quotidien. Laissez-nous vous aider \u00e0 \u00e9largir votre port\u00e9e et \u00e0 trouver de nouveaux clients.<\/p>\t\t\t\t<\/div>\n\t\t\t\t\t\t\t<\/div>\n\t\t<\/div>\n\n\t\t\t\t\t\t<\/div>\n\t\t\t\t<\/div>\n\t\t\t\t<\/div>\n\t\t<div class=\"elementor-element elementor-element-781bb8f e-con-full e-flex e-con e-child\" data-id=\"781bb8f\" data-element_type=\"container\">\n\t\t\t\t<div class=\"elementor-element elementor-element-f9ec8cb elementor-widget elementor-widget-image\" data-id=\"f9ec8cb\" data-element_type=\"widget\" data-widget_type=\"image.default\">\n\t\t\t\t<div class=\"elementor-widget-container\">\n\t\t\t\t\t\t\t\t\t\t\t\t\t\t\t<img decoding=\"async\" width=\"734\" height=\"898\" src=\"https:\/\/newmoon.site\/wp-content\/uploads\/2022\/10\/Service-2-min.jpg\" class=\"attachment-full size-full wp-image-1691\" alt=\"service 2 min\" srcset=\"https:\/\/newmoon.site\/wp-content\/uploads\/2022\/10\/Service-2-min.jpg 734w, https:\/\/newmoon.site\/wp-content\/uploads\/2022\/10\/Service-2-min-600x734.jpg 600w\" sizes=\"(max-width: 734px) 100vw, 734px\" \/>\t\t\t\t\t\t\t\t\t\t\t\t\t\t\t<\/div>\n\t\t\t\t<\/div>\n\t\t\t\t<div class=\"elementor-element elementor-element-f1efdb7 elementor-widget elementor-widget-hfe-infocard\" data-id=\"f1efdb7\" data-element_type=\"widget\" data-widget_type=\"hfe-infocard.default\">\n\t\t\t\t<div class=\"elementor-widget-container\">\n\t\t\t\t\t\n\t\t<div class=\"hfe-infocard\">\n\t\t\t\t\t\t\t\t\t<div class=\"hfe-infocard-title-wrap\">\n\t\t\t\t<h4 class=\"hfe-infocard-title elementor-inline-editing\" data-elementor-setting-key=\"infocard_title\" data-elementor-inline-editing-toolbar=\"basic\" >V\u00eatements Personalis\u00e9s<\/h4>\t\t\t<\/div>\n\t\t\t\t\t\t<div class=\"hfe-infocard-text-wrap\">\n\t\t\t\t<div class=\"hfe-infocard-text elementor-inline-editing\" data-elementor-setting-key=\"infocard_description\" data-elementor-inline-editing-toolbar=\"advanced\">\n\t\t\t\t\tDonnez une nouvelle dimension \u00e0 votre style en ajoutant votre personnalit\u00e9 \u00e0 votre garde-robe. Envoyez-nous votre cr\u00e9ation ou demandez-nous de concevoir un dessin originale sur mesure. \t\t\t\t<\/div>\n\t\t\t\t\t\t\t<\/div>\n\t\t<\/div>\n\n\t\t\t\t\t\t<\/div>\n\t\t\t\t<\/div>\n\t\t\t\t<\/div>\n\t\t<div class=\"elementor-element elementor-element-bd4315a e-con-full e-flex e-con e-child\" data-id=\"bd4315a\" data-element_type=\"container\">\n\t\t\t\t<div class=\"elementor-element elementor-element-e34e69c elementor-widget elementor-widget-image\" data-id=\"e34e69c\" data-element_type=\"widget\" data-widget_type=\"image.default\">\n\t\t\t\t<div class=\"elementor-widget-container\">\n\t\t\t\t\t\t\t\t\t\t\t\t\t\t\t<img decoding=\"async\" width=\"734\" height=\"898\" src=\"https:\/\/newmoon.site\/wp-content\/uploads\/2022\/10\/Service-3-min.jpg\" class=\"attachment-full size-full wp-image-1692\" alt=\"service 3 min\" srcset=\"https:\/\/newmoon.site\/wp-content\/uploads\/2022\/10\/Service-3-min.jpg 734w, https:\/\/newmoon.site\/wp-content\/uploads\/2022\/10\/Service-3-min-600x734.jpg 600w\" sizes=\"(max-width: 734px) 100vw, 734px\" \/>\t\t\t\t\t\t\t\t\t\t\t\t\t\t\t<\/div>\n\t\t\t\t<\/div>\n\t\t\t\t<div class=\"elementor-element elementor-element-0a5dc9e elementor-widget elementor-widget-hfe-infocard\" data-id=\"0a5dc9e\" data-element_type=\"widget\" data-widget_type=\"hfe-infocard.default\">\n\t\t\t\t<div class=\"elementor-widget-container\">\n\t\t\t\t\t\n\t\t<div class=\"hfe-infocard\">\n\t\t\t\t\t\t\t\t\t<div class=\"hfe-infocard-title-wrap\">\n\t\t\t\t<h4 class=\"hfe-infocard-title elementor-inline-editing\" data-elementor-setting-key=\"infocard_title\" data-elementor-inline-editing-toolbar=\"basic\" >V\u00eatements personalis\u00e9s pour \u00e9v\u00e9nements<\/h4>\t\t\t<\/div>\n\t\t\t\t\t\t<div class=\"hfe-infocard-text-wrap\">\n\t\t\t\t<div class=\"hfe-infocard-text elementor-inline-editing\" data-elementor-setting-key=\"infocard_description\" data-elementor-inline-editing-toolbar=\"advanced\">\n\t\t\t\t\t<p>Que ce soit pour une f\u00eate ou pour votre \u00e9quipe de soccer, nous sommes pr\u00eats \u00e0 fabriquer des articles de la meilleure qualit\u00e9 de mani\u00e8re efficace et sans stress.<\/p>\t\t\t\t<\/div>\n\t\t\t\t\t\t\t<\/div>\n\t\t<\/div>\n\n\t\t\t\t\t\t<\/div>\n\t\t\t\t<\/div>\n\t\t\t\t<\/div>\n\t\t\t\t\t<\/div>\n\t\t\t\t<\/div>\n\t\t<div class=\"elementor-element elementor-element-de8e883 e-flex e-con-boxed e-con e-parent\" data-id=\"de8e883\" data-element_type=\"container\">\n\t\t\t\t\t<div class=\"e-con-inner\">\n\t\t\t\t<div class=\"elementor-element elementor-element-6951c98 elementor-widget elementor-widget-wp-widget-woocommerce_products\" data-id=\"6951c98\" data-element_type=\"widget\" data-widget_type=\"wp-widget-woocommerce_products.default\">\n\t\t\t\t<div class=\"elementor-widget-container\">\n\t\t\t\t\t<h5>Produits vedettes<\/h5><ul class=\"product_list_widget\"><li>\n\t\n\t\t<a class=\"ct-media-container\" href=\"https:\/\/newmoon.site\/fr\/produit\/custom-t-shirt-one-color-print\/\"><img loading=\"lazy\" decoding=\"async\" width=\"100\" height=\"100\" src=\"https:\/\/newmoon.site\/wp-content\/uploads\/2025\/08\/Custom-black-Shirt-Front-100x100.webp\" srcset=\"https:\/\/newmoon.site\/wp-content\/uploads\/2025\/08\/Custom-black-Shirt-Front-100x100.webp 100w, https:\/\/newmoon.site\/wp-content\/uploads\/2025\/08\/Custom-black-Shirt-Front-300x300.webp 300w, https:\/\/newmoon.site\/wp-content\/uploads\/2025\/08\/Custom-black-Shirt-Front-150x150.webp 150w\" sizes=\"auto, (max-width: 100px) 100vw, 100px\" itemprop=\"image\" class=\"wp-post-image\" style=\"aspect-ratio: 1\/1;\" title=\"Devant de chemise noir personnalis\u00e9\" alt=\"Custom T-shirt - One Color Print\" \/><\/a>\n\t\t<div class=\"product-data\">\n\t\t\t<a href=\"https:\/\/newmoon.site\/fr\/produit\/custom-t-shirt-one-color-print\/\" class=\"product-title\">\n\t\t\t\tT-shirt personnalis\u00e9 - Impression une couleur\t\t\t<\/a>\n\n\t\t\t\t\t\t\t<div class=\"star-rating\" role=\"img\" aria-label=\"Note 5.00 sur 5\" data-no-translation-aria-label=\"\"><span style=\"width:100%\" data-no-translation=\"\" data-trp-gettext=\"\">Note <strong class=\"rating\">5.00<\/strong> sur 5<\/span><\/div>\t\t\t\n\t\t\t<span class=\"price\">\n\t\t\t\t<span class=\"woocommerce-Price-amount amount\"><bdi><span class=\"woocommerce-Price-currencySymbol\">&#36;<\/span>10.00<\/bdi><\/span>\t\t\t<\/span>\n\t\t<\/div>\n\n\t<\/li>\n<li>\n\t\n\t\t<a class=\"ct-media-container\" href=\"https:\/\/newmoon.site\/fr\/produit\/mclaren-720s-hoodie\/\"><img loading=\"lazy\" decoding=\"async\" width=\"100\" height=\"100\" src=\"https:\/\/newmoon.site\/wp-content\/uploads\/woocommerce-placeholder-100x100.webp\" srcset=\"https:\/\/newmoon.site\/wp-content\/uploads\/woocommerce-placeholder-100x100.webp 100w, https:\/\/newmoon.site\/wp-content\/uploads\/woocommerce-placeholder-300x300.webp 300w, https:\/\/newmoon.site\/wp-content\/uploads\/woocommerce-placeholder-600x600.webp 600w, https:\/\/newmoon.site\/wp-content\/uploads\/woocommerce-placeholder-1024x1024.webp 1024w, https:\/\/newmoon.site\/wp-content\/uploads\/woocommerce-placeholder-150x150.webp 150w, https:\/\/newmoon.site\/wp-content\/uploads\/woocommerce-placeholder-768x768.webp 768w, https:\/\/newmoon.site\/wp-content\/uploads\/woocommerce-placeholder.webp 1200w\" sizes=\"auto, (max-width: 100px) 100vw, 100px\" itemprop=\"image\" class=\"wp-post-image\" style=\"aspect-ratio: 1\/1;\" title=\"woocommerce-placeholder\" alt=\"McLaren 720s Hoodie\" \/><\/a>\n\t\t<div class=\"product-data\">\n\t\t\t<a href=\"https:\/\/newmoon.site\/fr\/produit\/mclaren-720s-hoodie\/\" class=\"product-title\">\n\t\t\t\tSweat \u00e0 capuche McLaren 720s\t\t\t<\/a>\n\n\t\t\t\t\t\t\t\t\t\t\n\t\t\t<span class=\"price\">\n\t\t\t\t<span class=\"woocommerce-Price-amount amount\"><bdi><span class=\"woocommerce-Price-currencySymbol\">&#36;<\/span>45.00<\/bdi><\/span>\t\t\t<\/span>\n\t\t<\/div>\n\n\t<\/li>\n<\/ul>\t\t\t\t<\/div>\n\t\t\t\t<\/div>\n\t\t\t\t\t<\/div>\n\t\t\t\t<\/div>\n\t\t\t\t<\/div>","protected":false},"excerpt":{"rendered":"<p>New Moon We Bring your Ideas to Life Customise Company Merch We can help you advertise your company by incorporating your brand on clothes, vehicles and everyday items. Let us help you expand your reach and find new customers. Personalized clothes Bring your style to a new level by adding your personality into your wardrobe. [&hellip;]<\/p>","protected":false},"author":1,"featured_media":0,"parent":0,"menu_order":0,"comment_status":"closed","ping_status":"closed","template":"","meta":{"iawp_total_views":449,"footnotes":""},"class_list":["post-1448","page","type-page","status-publish","hentry"],"blocksy_meta":[],"yoast_head":"<!-- This site is optimized with the Yoast SEO plugin v26.5 - https:\/\/yoast.com\/wordpress\/plugins\/seo\/ -->\n<title>Home - New Moon<\/title>\n<meta name=\"robots\" content=\"index, follow, max-snippet:-1, max-image-preview:large, max-video-preview:-1\" \/>\n<link rel=\"canonical\" href=\"https:\/\/newmoon.site\/fr\/\" \/>\n<meta property=\"og:locale\" content=\"fr_CA\" \/>\n<meta property=\"og:type\" content=\"article\" \/>\n<meta property=\"og:title\" content=\"Home - New Moon\" \/>\n<meta property=\"og:description\" content=\"New Moon We Bring your Ideas to Life Customise Company Merch We can help you advertise your company by incorporating your brand on clothes, vehicles and everyday items. Let us help you expand your reach and find new customers. Personalized clothes Bring your style to a new level by adding your personality into your wardrobe. [&hellip;]\" \/>\n<meta property=\"og:url\" content=\"https:\/\/newmoon.site\/fr\/\" \/>\n<meta property=\"og:site_name\" content=\"New Moon\" \/>\n<meta property=\"article:modified_time\" content=\"2025-08-24T22:11:48+00:00\" \/>\n<meta property=\"og:image\" content=\"https:\/\/newmoon.site\/wp-content\/uploads\/2022\/10\/Service-1-min.jpg\" \/>\n\t<meta property=\"og:image:width\" content=\"734\" \/>\n\t<meta property=\"og:image:height\" content=\"898\" \/>\n\t<meta property=\"og:image:type\" content=\"image\/jpeg\" \/>\n<meta name=\"twitter:card\" content=\"summary_large_image\" \/>\n<meta name=\"twitter:label1\" content=\"Estimation du temps de lecture\" \/>\n\t<meta name=\"twitter:data1\" content=\"2 minutes\" \/>\n<script type=\"application\/ld+json\" class=\"yoast-schema-graph\">{\"@context\":\"https:\/\/schema.org\",\"@graph\":[{\"@type\":\"WebPage\",\"@id\":\"https:\/\/newmoon.site\/\",\"url\":\"https:\/\/newmoon.site\/\",\"name\":\"Home - New Moon\",\"isPartOf\":{\"@id\":\"https:\/\/newmoon.site\/#website\"},\"primaryImageOfPage\":{\"@id\":\"https:\/\/newmoon.site\/#primaryimage\"},\"image\":{\"@id\":\"https:\/\/newmoon.site\/#primaryimage\"},\"thumbnailUrl\":\"https:\/\/newmoon.site\/wp-content\/uploads\/2022\/10\/Service-1-min.jpg\",\"datePublished\":\"2025-08-15T13:29:38+00:00\",\"dateModified\":\"2025-08-24T22:11:48+00:00\",\"breadcrumb\":{\"@id\":\"https:\/\/newmoon.site\/#breadcrumb\"},\"inLanguage\":\"fr-CA\",\"potentialAction\":[{\"@type\":\"ReadAction\",\"target\":[\"https:\/\/newmoon.site\/\"]}]},{\"@type\":\"ImageObject\",\"inLanguage\":\"fr-CA\",\"@id\":\"https:\/\/newmoon.site\/#primaryimage\",\"url\":\"https:\/\/newmoon.site\/wp-content\/uploads\/2022\/10\/Service-1-min.jpg\",\"contentUrl\":\"https:\/\/newmoon.site\/wp-content\/uploads\/2022\/10\/Service-1-min.jpg\"},{\"@type\":\"BreadcrumbList\",\"@id\":\"https:\/\/newmoon.site\/#breadcrumb\",\"itemListElement\":[{\"@type\":\"ListItem\",\"position\":1,\"name\":\"Home\",\"item\":\"https:\/\/newmoon.site\/\"},{\"@type\":\"ListItem\",\"position\":2,\"name\":\"Home\"}]},{\"@type\":\"WebSite\",\"@id\":\"https:\/\/newmoon.site\/#website\",\"url\":\"https:\/\/newmoon.site\/\",\"name\":\"New Moon\",\"description\":\"We bring your ideas to life\",\"publisher\":{\"@id\":\"https:\/\/newmoon.site\/#organization\"},\"potentialAction\":[{\"@type\":\"SearchAction\",\"target\":{\"@type\":\"EntryPoint\",\"urlTemplate\":\"https:\/\/newmoon.site\/?s={search_term_string}\"},\"query-input\":{\"@type\":\"PropertyValueSpecification\",\"valueRequired\":true,\"valueName\":\"search_term_string\"}}],\"inLanguage\":\"fr-CA\"},{\"@type\":\"Organization\",\"@id\":\"https:\/\/newmoon.site\/#organization\",\"name\":\"New Moon\",\"url\":\"https:\/\/newmoon.site\/\",\"logo\":{\"@type\":\"ImageObject\",\"inLanguage\":\"fr-CA\",\"@id\":\"https:\/\/newmoon.site\/#\/schema\/logo\/image\/\",\"url\":\"https:\/\/newmoon.site\/wp-content\/uploads\/2025\/08\/plz-dont-steal-logo-1.webp\",\"contentUrl\":\"https:\/\/newmoon.site\/wp-content\/uploads\/2025\/08\/plz-dont-steal-logo-1.webp\",\"width\":1920,\"height\":832,\"caption\":\"New Moon\"},\"image\":{\"@id\":\"https:\/\/newmoon.site\/#\/schema\/logo\/image\/\"}}]}<\/script>\n<!-- \/ Yoast SEO plugin. -->","yoast_head_json":{"title":"Home - New Moon","robots":{"index":"index","follow":"follow","max-snippet":"max-snippet:-1","max-image-preview":"max-image-preview:large","max-video-preview":"max-video-preview:-1"},"canonical":"https:\/\/newmoon.site\/fr\/","og_locale":"fr_CA","og_type":"article","og_title":"Home - New Moon","og_description":"New Moon We Bring your Ideas to Life Customise Company Merch We can help you advertise your company by incorporating your brand on clothes, vehicles and everyday items. Let us help you expand your reach and find new customers. Personalized clothes Bring your style to a new level by adding your personality into your wardrobe. [&hellip;]","og_url":"https:\/\/newmoon.site\/fr\/","og_site_name":"New Moon","article_modified_time":"2025-08-24T22:11:48+00:00","og_image":[{"width":734,"height":898,"url":"https:\/\/newmoon.site\/wp-content\/uploads\/2022\/10\/Service-1-min.jpg","type":"image\/jpeg"}],"twitter_card":"summary_large_image","twitter_misc":{"Estimation du temps de lecture":"2 minutes"},"schema":{"@context":"https:\/\/schema.org","@graph":[{"@type":"WebPage","@id":"https:\/\/newmoon.site\/","url":"https:\/\/newmoon.site\/","name":"Home - New Moon","isPartOf":{"@id":"https:\/\/newmoon.site\/#website"},"primaryImageOfPage":{"@id":"https:\/\/newmoon.site\/#primaryimage"},"image":{"@id":"https:\/\/newmoon.site\/#primaryimage"},"thumbnailUrl":"https:\/\/newmoon.site\/wp-content\/uploads\/2022\/10\/Service-1-min.jpg","datePublished":"2025-08-15T13:29:38+00:00","dateModified":"2025-08-24T22:11:48+00:00","breadcrumb":{"@id":"https:\/\/newmoon.site\/#breadcrumb"},"inLanguage":"fr-CA","potentialAction":[{"@type":"ReadAction","target":["https:\/\/newmoon.site\/"]}]},{"@type":"ImageObject","inLanguage":"fr-CA","@id":"https:\/\/newmoon.site\/#primaryimage","url":"https:\/\/newmoon.site\/wp-content\/uploads\/2022\/10\/Service-1-min.jpg","contentUrl":"https:\/\/newmoon.site\/wp-content\/uploads\/2022\/10\/Service-1-min.jpg"},{"@type":"BreadcrumbList","@id":"https:\/\/newmoon.site\/#breadcrumb","itemListElement":[{"@type":"ListItem","position":1,"name":"Home","item":"https:\/\/newmoon.site\/"},{"@type":"ListItem","position":2,"name":"Home"}]},{"@type":"WebSite","@id":"https:\/\/newmoon.site\/#website","url":"https:\/\/newmoon.site\/","name":"New Moon","description":"We bring your ideas to life","publisher":{"@id":"https:\/\/newmoon.site\/#organization"},"potentialAction":[{"@type":"SearchAction","target":{"@type":"EntryPoint","urlTemplate":"https:\/\/newmoon.site\/?s={search_term_string}"},"query-input":{"@type":"PropertyValueSpecification","valueRequired":true,"valueName":"search_term_string"}}],"inLanguage":"fr-CA"},{"@type":"Organization","@id":"https:\/\/newmoon.site\/#organization","name":"New Moon","url":"https:\/\/newmoon.site\/","logo":{"@type":"ImageObject","inLanguage":"fr-CA","@id":"https:\/\/newmoon.site\/#\/schema\/logo\/image\/","url":"https:\/\/newmoon.site\/wp-content\/uploads\/2025\/08\/plz-dont-steal-logo-1.webp","contentUrl":"https:\/\/newmoon.site\/wp-content\/uploads\/2025\/08\/plz-dont-steal-logo-1.webp","width":1920,"height":832,"caption":"New Moon"},"image":{"@id":"https:\/\/newmoon.site\/#\/schema\/logo\/image\/"}}]}},"_hostinger_reach_plugin_has_subscription_block":false,"_hostinger_reach_plugin_is_elementor":false,"_links":{"self":[{"href":"https:\/\/newmoon.site\/fr\/wp-json\/wp\/v2\/pages\/1448","targetHints":{"allow":["GET"]}}],"collection":[{"href":"https:\/\/newmoon.site\/fr\/wp-json\/wp\/v2\/pages"}],"about":[{"href":"https:\/\/newmoon.site\/fr\/wp-json\/wp\/v2\/types\/page"}],"author":[{"embeddable":true,"href":"https:\/\/newmoon.site\/fr\/wp-json\/wp\/v2\/users\/1"}],"replies":[{"embeddable":true,"href":"https:\/\/newmoon.site\/fr\/wp-json\/wp\/v2\/comments?post=1448"}],"version-history":[{"count":61,"href":"https:\/\/newmoon.site\/fr\/wp-json\/wp\/v2\/pages\/1448\/revisions"}],"predecessor-version":[{"id":4365,"href":"https:\/\/newmoon.site\/fr\/wp-json\/wp\/v2\/pages\/1448\/revisions\/4365"}],"wp:attachment":[{"href":"https:\/\/newmoon.site\/fr\/wp-json\/wp\/v2\/media?parent=1448"}],"curies":[{"name":"wp","href":"https:\/\/api.w.org\/{rel}","templated":true}]}}